{"id":240,"date":"2025-11-04T10:08:35","date_gmt":"2025-11-04T09:08:35","guid":{"rendered":"https:\/\/portail.patuderosemont.ac-reunion.fr\/wordpress\/lavoixdepatu\/?page_id=240"},"modified":"2025-11-04T10:08:35","modified_gmt":"2025-11-04T09:08:35","slug":"fete-de-la-science","status":"publish","type":"page","link":"https:\/\/portail.patuderosemont.ac-reunion.fr\/wordpress\/lavoixdepatu\/?page_id=240","title":{"rendered":"F\u00eate de la science"},"content":{"rendered":"\n\n<div class=\"su-posts su-posts-default-loop \">\n\n\t\n\t\t\t\t\t\n\t\t\t\n\t\t\t<div id=\"su-post-251\" class=\"su-post \">\n\n\t\t\t\t\n\t\t\t\t<h2 class=\"su-post-title\"><a href=\"https:\/\/portail.patuderosemont.ac-reunion.fr\/wordpress\/lavoixdepatu\/?p=251\">Interview \u00e0 venir<\/a><\/h2>\n\n\t\t\t\t<div class=\"su-post-meta\">\n\t\t\t\t\tPubli\u00e9: 15 d\u00e9cembre 2025\t\t\t\t<\/div>\n\n\t\t\t\t<div class=\"su-post-excerpt\">\n\t\t\t\t\t<p>Bonjour, nous sommes conscients du retard que nous avons pris dans la publication des interviews. Nous nous excusons pour la g\u00eane occasionn\u00e9e et faisons le n\u00e9cessaire pour y rem\u00e9dier.<\/p>\n\t\t\t\t<\/div>\n\n\t\t\t\t\t\t\t\t\t<a href=\"https:\/\/portail.patuderosemont.ac-reunion.fr\/wordpress\/lavoixdepatu\/?p=251#respond\" class=\"su-post-comments-link\">0 commentaire<\/a>\n\t\t\t\t\n\t\t\t<\/div>\n\n\t\t\t\t\t\n\t\t\t\n\t\t\t<div id=\"su-post-147\" class=\"su-post \">\n\n\t\t\t\t\t\t\t\t\t<a class=\"su-post-thumbnail\" href=\"https:\/\/portail.patuderosemont.ac-reunion.fr\/wordpress\/lavoixdepatu\/?p=147\"><img width=\"198\" height=\"270\" src=\"https:\/\/portail.patuderosemont.ac-reunion.fr\/wordpress\/lavoixdepatu\/files\/2025\/04\/IMG_2963.jpg\" class=\"attachment-post-thumbnail size-post-thumbnail wp-post-image\" alt=\"\" decoding=\"async\" loading=\"lazy\" srcset=\"https:\/\/portail.patuderosemont.ac-reunion.fr\/wordpress\/lavoixdepatu\/files\/2025\/04\/IMG_2963.jpg 1090w, https:\/\/portail.patuderosemont.ac-reunion.fr\/wordpress\/lavoixdepatu\/files\/2025\/04\/IMG_2963-220x300.jpg 220w, https:\/\/portail.patuderosemont.ac-reunion.fr\/wordpress\/lavoixdepatu\/files\/2025\/04\/IMG_2963-750x1024.jpg 750w, https:\/\/portail.patuderosemont.ac-reunion.fr\/wordpress\/lavoixdepatu\/files\/2025\/04\/IMG_2963-768x1049.jpg 768w, https:\/\/portail.patuderosemont.ac-reunion.fr\/wordpress\/lavoixdepatu\/files\/2025\/04\/IMG_2963-439x600.jpg 439w, https:\/\/portail.patuderosemont.ac-reunion.fr\/wordpress\/lavoixdepatu\/files\/2025\/04\/IMG_2963-117x160.jpg 117w, https:\/\/portail.patuderosemont.ac-reunion.fr\/wordpress\/lavoixdepatu\/files\/2025\/04\/IMG_2963-30x41.jpg 30w, https:\/\/portail.patuderosemont.ac-reunion.fr\/wordpress\/lavoixdepatu\/files\/2025\/04\/IMG_2963-250x342.jpg 250w\" sizes=\"(max-width: 198px) 100vw, 198px\" \/><\/a>\n\t\t\t\t\n\t\t\t\t<h2 class=\"su-post-title\"><a href=\"https:\/\/portail.patuderosemont.ac-reunion.fr\/wordpress\/lavoixdepatu\/?p=147\">KASKOKO 2025: Interview de Mr Akouri  (R\u00e9f\u00e9rent Bassin Sud)<\/a><\/h2>\n\n\t\t\t\t<div class=\"su-post-meta\">\n\t\t\t\t\tPubli\u00e9: 18 avril 2025\t\t\t\t<\/div>\n\n\t\t\t\t<div class=\"su-post-excerpt\">\n\t\t\t\t\t\t\t\t\t<\/div>\n\n\t\t\t\t\t\t\t\t\t<a href=\"https:\/\/portail.patuderosemont.ac-reunion.fr\/wordpress\/lavoixdepatu\/?p=147#respond\" class=\"su-post-comments-link\">0 commentaire<\/a>\n\t\t\t\t\n\t\t\t<\/div>\n\n\t\t\t\t\t\n\t\t\t\n\t\t\t<div id=\"su-post-136\" class=\"su-post \">\n\n\t\t\t\t\t\t\t\t\t<a class=\"su-post-thumbnail\" href=\"https:\/\/portail.patuderosemont.ac-reunion.fr\/wordpress\/lavoixdepatu\/?p=136\"><img width=\"180\" height=\"270\" src=\"https:\/\/portail.patuderosemont.ac-reunion.fr\/wordpress\/lavoixdepatu\/files\/2025\/04\/amandine-ramaye.jpg\" class=\"attachment-post-thumbnail size-post-thumbnail wp-post-image\" alt=\"\" decoding=\"async\" loading=\"lazy\" srcset=\"https:\/\/portail.patuderosemont.ac-reunion.fr\/wordpress\/lavoixdepatu\/files\/2025\/04\/amandine-ramaye.jpg 1000w, https:\/\/portail.patuderosemont.ac-reunion.fr\/wordpress\/lavoixdepatu\/files\/2025\/04\/amandine-ramaye-200x300.jpg 200w, https:\/\/portail.patuderosemont.ac-reunion.fr\/wordpress\/lavoixdepatu\/files\/2025\/04\/amandine-ramaye-683x1024.jpg 683w, https:\/\/portail.patuderosemont.ac-reunion.fr\/wordpress\/lavoixdepatu\/files\/2025\/04\/amandine-ramaye-768x1152.jpg 768w, https:\/\/portail.patuderosemont.ac-reunion.fr\/wordpress\/lavoixdepatu\/files\/2025\/04\/amandine-ramaye-400x600.jpg 400w, https:\/\/portail.patuderosemont.ac-reunion.fr\/wordpress\/lavoixdepatu\/files\/2025\/04\/amandine-ramaye-107x160.jpg 107w, https:\/\/portail.patuderosemont.ac-reunion.fr\/wordpress\/lavoixdepatu\/files\/2025\/04\/amandine-ramaye-30x45.jpg 30w, https:\/\/portail.patuderosemont.ac-reunion.fr\/wordpress\/lavoixdepatu\/files\/2025\/04\/amandine-ramaye-250x375.jpg 250w\" sizes=\"(max-width: 180px) 100vw, 180px\" \/><\/a>\n\t\t\t\t\n\t\t\t\t<h2 class=\"su-post-title\"><a href=\"https:\/\/portail.patuderosemont.ac-reunion.fr\/wordpress\/lavoixdepatu\/?p=136\">KASKOKO 2025: Interview Mme RAMAYE (Vice pr\u00e9sidente de la R\u00e9gion R\u00e9union)<\/a><\/h2>\n\n\t\t\t\t<div class=\"su-post-meta\">\n\t\t\t\t\tPubli\u00e9: 18 avril 2025\t\t\t\t<\/div>\n\n\t\t\t\t<div class=\"su-post-excerpt\">\n\t\t\t\t\t\t\t\t\t<\/div>\n\n\t\t\t\t\t\t\t\t\t<a href=\"https:\/\/portail.patuderosemont.ac-reunion.fr\/wordpress\/lavoixdepatu\/?p=136#respond\" class=\"su-post-comments-link\">0 commentaire<\/a>\n\t\t\t\t\n\t\t\t<\/div>\n\n\t\t\t\t\t\n\t\t\t\n\t\t\t<div id=\"su-post-124\" class=\"su-post \">\n\n\t\t\t\t\n\t\t\t\t<h2 class=\"su-post-title\"><a href=\"https:\/\/portail.patuderosemont.ac-reunion.fr\/wordpress\/lavoixdepatu\/?p=124\">KASKOKO 2025: Interview de Mr PREVOST (Proviseur du Lyc\u00e9e Patu de Rosemont)<\/a><\/h2>\n\n\t\t\t\t<div class=\"su-post-meta\">\n\t\t\t\t\tPubli\u00e9: 17 avril 2025\t\t\t\t<\/div>\n\n\t\t\t\t<div class=\"su-post-excerpt\">\n\t\t\t\t\t\t\t\t\t<\/div>\n\n\t\t\t\t\t\t\t\t\t<a href=\"https:\/\/portail.patuderosemont.ac-reunion.fr\/wordpress\/lavoixdepatu\/?p=124#respond\" class=\"su-post-comments-link\">0 commentaire<\/a>\n\t\t\t\t\n\t\t\t<\/div>\n\n\t\t\t\t\t\n\t\t\t\n\t\t\t<div id=\"su-post-1\" class=\"su-post \">\n\n\t\t\t\t\n\t\t\t\t<h2 class=\"su-post-title\"><a href=\"https:\/\/portail.patuderosemont.ac-reunion.fr\/wordpress\/lavoixdepatu\/?p=1\">Bonjour tout le monde\u00a0!<\/a><\/h2>\n\n\t\t\t\t<div class=\"su-post-meta\">\n\t\t\t\t\tPubli\u00e9: 8 avril 2025\t\t\t\t<\/div>\n\n\t\t\t\t<div class=\"su-post-excerpt\">\n\t\t\t\t\t<p>Bienvenue sur \u00ab La Voix de Patu \u00bb, la toute nouvelle radio du lyc\u00e9e Patu de Rosemont, port\u00e9e par et pour les \u00e9l\u00e8ves ! \ud83c\udf99\ufe0f Cr\u00e9\u00e9e \u00e0 l&rsquo;initiative des \u00e9l\u00e8ves eux-m\u00eames, notre radio est un espace d\u2019expression, de cr\u00e9ativit\u00e9 et de partage. Ici, vous d\u00e9couvrirez des \u00e9missions originales, des podcasts inspirants, des interviews passionnantes et &hellip; <a href=\"https:\/\/portail.patuderosemont.ac-reunion.fr\/wordpress\/lavoixdepatu\/?p=1\" class=\"more-link\">Continuer la lecture de <span class=\"screen-reader-text\">Bonjour tout le monde\u00a0!<\/span> <span class=\"meta-nav\">&rarr;<\/span><\/a><\/p>\n\t\t\t\t<\/div>\n\n\t\t\t\t\t\t\t\t\t<a href=\"https:\/\/portail.patuderosemont.ac-reunion.fr\/wordpress\/lavoixdepatu\/?p=1#comments\" class=\"su-post-comments-link\">1 commentaire<\/a>\n\t\t\t\t\n\t\t\t<\/div>\n\n\t\t\n\t\n<\/div>\n\n","protected":false},"excerpt":{"rendered":"","protected":false},"author":15412,"featured_media":0,"parent":0,"menu_order":0,"comment_status":"closed","ping_status":"closed","template":"","meta":{"ngg_post_thumbnail":0,"episode_type":"","audio_file":"","cover_image":"","cover_image_id":"","duration":"","filesize":"","date_recorded":"","explicit":"","block":"","filesize_raw":"","_links_to":"","_links_to_target":""},"_links":{"self":[{"href":"https:\/\/portail.patuderosemont.ac-reunion.fr\/wordpress\/lavoixdepatu\/index.php?rest_route=\/wp\/v2\/pages\/240"}],"collection":[{"href":"https:\/\/portail.patuderosemont.ac-reunion.fr\/wordpress\/lavoixdepatu\/index.php?rest_route=\/wp\/v2\/pages"}],"about":[{"href":"https:\/\/portail.patuderosemont.ac-reunion.fr\/wordpress\/lavoixdepatu\/index.php?rest_route=\/wp\/v2\/types\/page"}],"author":[{"embeddable":true,"href":"https:\/\/portail.patuderosemont.ac-reunion.fr\/wordpress\/lavoixdepatu\/index.php?rest_route=\/wp\/v2\/users\/15412"}],"replies":[{"embeddable":true,"href":"https:\/\/portail.patuderosemont.ac-reunion.fr\/wordpress\/lavoixdepatu\/index.php?rest_route=%2Fwp%2Fv2%2Fcomments&post=240"}],"version-history":[{"count":1,"href":"https:\/\/portail.patuderosemont.ac-reunion.fr\/wordpress\/lavoixdepatu\/index.php?rest_route=\/wp\/v2\/pages\/240\/revisions"}],"predecessor-version":[{"id":242,"href":"https:\/\/portail.patuderosemont.ac-reunion.fr\/wordpress\/lavoixdepatu\/index.php?rest_route=\/wp\/v2\/pages\/240\/revisions\/242"}],"wp:attachment":[{"href":"https:\/\/portail.patuderosemont.ac-reunion.fr\/wordpress\/lavoixdepatu\/index.php?rest_route=%2Fwp%2Fv2%2Fmedia&parent=240"}],"curies":[{"name":"wp","href":"https:\/\/api.w.org\/{rel}","templated":true}]}}